{"id":911,"date":"2026-03-25T11:12:03","date_gmt":"2026-03-25T11:12:03","guid":{"rendered":"https:\/\/norai2006.es\/?page_id=911"},"modified":"2026-03-27T14:10:43","modified_gmt":"2026-03-27T14:10:43","slug":"refrescos","status":"publish","type":"page","link":"https:\/\/norai2006.es\/?page_id=911","title":{"rendered":"Refrescos"},"content":{"rendered":"\t\t<div data-elementor-type=\"wp-page\" data-elementor-id=\"911\" class=\"elementor elementor-911\">\n\t\t\t\t<div class=\"elementor-element elementor-element-720e84b e-flex e-con-boxed e-con e-parent\" data-id=\"720e84b\" data-element_type=\"container\" data-e-type=\"container\" data-settings=\"{&quot;background_background&quot;:&quot;slideshow&quot;,&quot;background_slideshow_gallery&quot;:[{&quot;id&quot;:982,&quot;url&quot;:&quot;https:\\\/\\\/norai2006.es\\\/wp-content\\\/uploads\\\/2026\\\/03\\\/WhatsApp-Image-2026-03-25-at-13.32.16.jpeg&quot;}],&quot;background_slideshow_loop&quot;:&quot;yes&quot;,&quot;background_slideshow_slide_duration&quot;:5000,&quot;background_slideshow_slide_transition&quot;:&quot;fade&quot;,&quot;background_slideshow_transition_duration&quot;:500}\">\n\t\t\t\t\t<div class=\"e-con-inner\">\n\t\t\t\t\t<\/div>\n\t\t\t\t<\/div>\n\t\t<div class=\"elementor-element elementor-element-834bf5b e-flex e-con-boxed e-con e-parent\" data-id=\"834bf5b\" data-element_type=\"container\" data-e-type=\"container\">\n\t\t\t\t\t<div class=\"e-con-inner\">\n\t\t\t\t<div class=\"elementor-element elementor-element-5d5f12e elementor-widget elementor-widget-spacer\" data-id=\"5d5f12e\" data-element_type=\"widget\" data-e-type=\"widget\" data-widget_type=\"spacer.default\">\n\t\t\t\t\t\t\t<div class=\"elementor-spacer\">\n\t\t\t<div class=\"elementor-spacer-inner\"><\/div>\n\t\t<\/div>\n\t\t\t\t\t\t<\/div>\n\t\t\t\t<div class=\"elementor-element elementor-element-071c67a elementor-widget elementor-widget-heading\" data-id=\"071c67a\" data-element_type=\"widget\" data-e-type=\"widget\" data-widget_type=\"heading.default\">\n\t\t\t\t\t<h2 class=\"elementor-heading-title elementor-size-default\">Refrescos con sabor que marca la diferencia<\/h2>\t\t\t\t<\/div>\n\t\t\t\t<div class=\"elementor-element elementor-element-d9c9a7c elementor-widget elementor-widget-text-editor\" data-id=\"d9c9a7c\" data-element_type=\"widget\" data-e-type=\"widget\" data-widget_type=\"text-editor.default\">\n\t\t\t\t\t\t\t\t\t<p>En nuestra l\u00ednea de refrescos, apostamos por la m\u00e1xima calidad en cada etapa del proceso, desde la cuidadosa selecci\u00f3n de ingredientes hasta el envasado final. Nuestra producci\u00f3n se realiza siguiendo protocolos de seguridad alimentaria y controles de calidad continuos, asegurando sabor, frescura y estabilidad en cada lote. Adem\u00e1s, invertimos en innovaci\u00f3n para ofrecer opciones adaptadas a las nuevas tendencias de consumo, como versiones bajas en az\u00facar o sin az\u00facar, manteniendo siempre el equilibrio entre sabor, calidad y responsabilidad.<\/p>\t\t\t\t\t\t\t\t<\/div>\n\t\t\t\t\t<\/div>\n\t\t\t\t<\/div>\n\t\t<div class=\"elementor-element elementor-element-0b0b36f e-flex e-con-boxed e-con e-parent\" data-id=\"0b0b36f\" data-element_type=\"container\" data-e-type=\"container\">\n\t\t\t\t\t<div class=\"e-con-inner\">\n\t\t<div class=\"elementor-element elementor-element-83d29a9 e-con-full e-flex e-con e-child\" data-id=\"83d29a9\" data-element_type=\"container\" data-e-type=\"container\">\n\t\t\t\t<div class=\"elementor-element elementor-element-c18a8a3 elementor-widget elementor-widget-image\" data-id=\"c18a8a3\" data-element_type=\"widget\" data-e-type=\"widget\" data-widget_type=\"image.default\">\n\t\t\t\t\t\t\t\t\t\t\t\t\t\t\t<img fetchpriority=\"high\" decoding=\"async\" width=\"1024\" height=\"1024\" src=\"https:\/\/norai2006.es\/wp-content\/uploads\/2026\/03\/WhatsApp-Image-2025-06-24-at-18.02.20-1024x1024.jpeg\" class=\"attachment-large size-large wp-image-963\" alt=\"\" srcset=\"https:\/\/norai2006.es\/wp-content\/uploads\/2026\/03\/WhatsApp-Image-2025-06-24-at-18.02.20-1024x1024.jpeg 1024w, https:\/\/norai2006.es\/wp-content\/uploads\/2026\/03\/WhatsApp-Image-2025-06-24-at-18.02.20-300x300.jpeg 300w, https:\/\/norai2006.es\/wp-content\/uploads\/2026\/03\/WhatsApp-Image-2025-06-24-at-18.02.20-150x150.jpeg 150w, https:\/\/norai2006.es\/wp-content\/uploads\/2026\/03\/WhatsApp-Image-2025-06-24-at-18.02.20-768x768.jpeg 768w, https:\/\/norai2006.es\/wp-content\/uploads\/2026\/03\/WhatsApp-Image-2025-06-24-at-18.02.20-1536x1536.jpeg 1536w, https:\/\/norai2006.es\/wp-content\/uploads\/2026\/03\/WhatsApp-Image-2025-06-24-at-18.02.20.jpeg 1600w\" sizes=\"(max-width: 1024px) 100vw, 1024px\" \/>\t\t\t\t\t\t\t\t\t\t\t\t\t\t\t<\/div>\n\t\t\t\t<div class=\"elementor-element elementor-element-3ef77eb elementor-widget elementor-widget-text-editor\" data-id=\"3ef77eb\" data-element_type=\"widget\" data-e-type=\"widget\" data-widget_type=\"text-editor.default\">\n\t\t\t\t\t\t\t\t\t<p>1830 Islas Cola 33cl<\/p>\t\t\t\t\t\t\t\t<\/div>\n\t\t\t\t<\/div>\n\t\t<div class=\"elementor-element elementor-element-dd42ed0 e-con-full e-flex e-con e-child\" data-id=\"dd42ed0\" data-element_type=\"container\" data-e-type=\"container\">\n\t\t\t\t<div class=\"elementor-element elementor-element-1535579 elementor-widget elementor-widget-image\" data-id=\"1535579\" data-element_type=\"widget\" data-e-type=\"widget\" data-widget_type=\"image.default\">\n\t\t\t\t\t\t\t\t\t\t\t\t\t\t\t<img decoding=\"async\" width=\"1024\" height=\"1024\" src=\"https:\/\/norai2006.es\/wp-content\/uploads\/2026\/03\/WhatsApp-Image-2025-07-12-at-09.55.16-1024x1024.jpeg\" class=\"attachment-large size-large wp-image-964\" alt=\"\" srcset=\"https:\/\/norai2006.es\/wp-content\/uploads\/2026\/03\/WhatsApp-Image-2025-07-12-at-09.55.16-1024x1024.jpeg 1024w, https:\/\/norai2006.es\/wp-content\/uploads\/2026\/03\/WhatsApp-Image-2025-07-12-at-09.55.16-300x300.jpeg 300w, https:\/\/norai2006.es\/wp-content\/uploads\/2026\/03\/WhatsApp-Image-2025-07-12-at-09.55.16-150x150.jpeg 150w, https:\/\/norai2006.es\/wp-content\/uploads\/2026\/03\/WhatsApp-Image-2025-07-12-at-09.55.16-768x768.jpeg 768w, https:\/\/norai2006.es\/wp-content\/uploads\/2026\/03\/WhatsApp-Image-2025-07-12-at-09.55.16-1536x1536.jpeg 1536w, https:\/\/norai2006.es\/wp-content\/uploads\/2026\/03\/WhatsApp-Image-2025-07-12-at-09.55.16.jpeg 1600w\" sizes=\"(max-width: 1024px) 100vw, 1024px\" \/>\t\t\t\t\t\t\t\t\t\t\t\t\t\t\t<\/div>\n\t\t\t\t<div class=\"elementor-element elementor-element-2cd48e1 elementor-widget elementor-widget-text-editor\" data-id=\"2cd48e1\" data-element_type=\"widget\" data-e-type=\"widget\" data-widget_type=\"text-editor.default\">\n\t\t\t\t\t\t\t\t\t<p>1830 Islas Lim\u00f3n 33cl<\/p>\t\t\t\t\t\t\t\t<\/div>\n\t\t\t\t<\/div>\n\t\t<div class=\"elementor-element elementor-element-24f5815 e-con-full e-flex e-con e-child\" data-id=\"24f5815\" data-element_type=\"container\" data-e-type=\"container\">\n\t\t\t\t<div class=\"elementor-element elementor-element-5d98679 elementor-widget elementor-widget-image\" data-id=\"5d98679\" data-element_type=\"widget\" data-e-type=\"widget\" data-widget_type=\"image.default\">\n\t\t\t\t\t\t\t\t\t\t\t\t\t\t\t<img decoding=\"async\" width=\"1024\" height=\"1024\" src=\"https:\/\/norai2006.es\/wp-content\/uploads\/2026\/03\/WhatsApp-Image-2025-06-25-at-17.42.37-1024x1024.jpeg\" class=\"attachment-large size-large wp-image-966\" alt=\"\" srcset=\"https:\/\/norai2006.es\/wp-content\/uploads\/2026\/03\/WhatsApp-Image-2025-06-25-at-17.42.37-1024x1024.jpeg 1024w, https:\/\/norai2006.es\/wp-content\/uploads\/2026\/03\/WhatsApp-Image-2025-06-25-at-17.42.37-300x300.jpeg 300w, https:\/\/norai2006.es\/wp-content\/uploads\/2026\/03\/WhatsApp-Image-2025-06-25-at-17.42.37-150x150.jpeg 150w, https:\/\/norai2006.es\/wp-content\/uploads\/2026\/03\/WhatsApp-Image-2025-06-25-at-17.42.37-768x768.jpeg 768w, https:\/\/norai2006.es\/wp-content\/uploads\/2026\/03\/WhatsApp-Image-2025-06-25-at-17.42.37-1536x1536.jpeg 1536w, https:\/\/norai2006.es\/wp-content\/uploads\/2026\/03\/WhatsApp-Image-2025-06-25-at-17.42.37.jpeg 1600w\" sizes=\"(max-width: 1024px) 100vw, 1024px\" \/>\t\t\t\t\t\t\t\t\t\t\t\t\t\t\t<\/div>\n\t\t\t\t<div class=\"elementor-element elementor-element-ffe9201 elementor-widget elementor-widget-text-editor\" data-id=\"ffe9201\" data-element_type=\"widget\" data-e-type=\"widget\" data-widget_type=\"text-editor.default\">\n\t\t\t\t\t\t\t\t\t<p>1830 Islas Naranja 33cl<\/p>\t\t\t\t\t\t\t\t<\/div>\n\t\t\t\t<\/div>\n\t\t\t\t\t<\/div>\n\t\t\t\t<\/div>\n\t\t<div class=\"elementor-element elementor-element-2594d0a e-flex e-con-boxed e-con e-parent\" data-id=\"2594d0a\" data-element_type=\"container\" data-e-type=\"container\">\n\t\t\t\t\t<div class=\"e-con-inner\">\n\t\t\t\t<div class=\"elementor-element elementor-element-66575f1 elementor-widget elementor-widget-spacer\" data-id=\"66575f1\" data-element_type=\"widget\" data-e-type=\"widget\" data-widget_type=\"spacer.default\">\n\t\t\t\t\t\t\t<div class=\"elementor-spacer\">\n\t\t\t<div class=\"elementor-spacer-inner\"><\/div>\n\t\t<\/div>\n\t\t\t\t\t\t<\/div>\n\t\t\t\t\t<\/div>\n\t\t\t\t<\/div>\n\t\t\t\t<\/div>\n\t\t","protected":false},"excerpt":{"rendered":"<p>Refrescos con sabor que marca la diferencia En nuestra l\u00ednea de refrescos, apostamos por la m\u00e1xima calidad en cada etapa del proceso, desde la cuidadosa selecci\u00f3n de ingredientes hasta el envasado final. Nuestra producci\u00f3n se realiza siguiendo protocolos de seguridad alimentaria y controles de calidad continuos, asegurando sabor, frescura y estabilidad en cada lote. Adem\u00e1s, [&hellip;]<\/p>\n","protected":false},"author":1,"featured_media":0,"parent":0,"menu_order":0,"comment_status":"closed","ping_status":"closed","template":"elementor_header_footer","meta":{"footnotes":""},"class_list":["post-911","page","type-page","status-publish","hentry"],"blocksy_meta":[],"_links":{"self":[{"href":"https:\/\/norai2006.es\/index.php?rest_route=\/wp\/v2\/pages\/911","targetHints":{"allow":["GET"]}}],"collection":[{"href":"https:\/\/norai2006.es\/index.php?rest_route=\/wp\/v2\/pages"}],"about":[{"href":"https:\/\/norai2006.es\/index.php?rest_route=\/wp\/v2\/types\/page"}],"author":[{"embeddable":true,"href":"https:\/\/norai2006.es\/index.php?rest_route=\/wp\/v2\/users\/1"}],"replies":[{"embeddable":true,"href":"https:\/\/norai2006.es\/index.php?rest_route=%2Fwp%2Fv2%2Fcomments&post=911"}],"version-history":[{"count":28,"href":"https:\/\/norai2006.es\/index.php?rest_route=\/wp\/v2\/pages\/911\/revisions"}],"predecessor-version":[{"id":1479,"href":"https:\/\/norai2006.es\/index.php?rest_route=\/wp\/v2\/pages\/911\/revisions\/1479"}],"wp:attachment":[{"href":"https:\/\/norai2006.es\/index.php?rest_route=%2Fwp%2Fv2%2Fmedia&parent=911"}],"curies":[{"name":"wp","href":"https:\/\/api.w.org\/{rel}","templated":true}]}}