{"id":762,"date":"2026-03-24T10:25:15","date_gmt":"2026-03-24T10:25:15","guid":{"rendered":"https:\/\/norai2006.es\/?page_id=762"},"modified":"2026-04-22T10:04:40","modified_gmt":"2026-04-22T10:04:40","slug":"bebidas-energizantes","status":"publish","type":"page","link":"https:\/\/norai2006.es\/?page_id=762","title":{"rendered":"Bebidas energizantes"},"content":{"rendered":"\t\t<div data-elementor-type=\"wp-page\" data-elementor-id=\"762\" class=\"elementor elementor-762\">\n\t\t\t\t<div class=\"elementor-element elementor-element-73318ca e-flex e-con-boxed e-con e-parent\" data-id=\"73318ca\" data-element_type=\"container\" data-e-type=\"container\" data-settings=\"{&quot;background_background&quot;:&quot;classic&quot;}\">\n\t\t\t\t\t<div class=\"e-con-inner\">\n\t\t\t\t\t<\/div>\n\t\t\t\t<\/div>\n\t\t<div class=\"elementor-element elementor-element-a8c06ab e-flex e-con-boxed e-con e-parent\" data-id=\"a8c06ab\" data-element_type=\"container\" data-e-type=\"container\">\n\t\t\t\t\t<div class=\"e-con-inner\">\n\t\t\t\t<div class=\"elementor-element elementor-element-7cc49e6 elementor-widget elementor-widget-heading\" data-id=\"7cc49e6\" data-element_type=\"widget\" data-e-type=\"widget\" data-widget_type=\"heading.default\">\n\t\t\t\t\t<h2 class=\"elementor-heading-title elementor-size-default\">Energ\u00eda, actitud y potencia en cada lata<\/h2>\t\t\t\t<\/div>\n\t\t\t\t<div class=\"elementor-element elementor-element-f7a8d11 elementor-widget elementor-widget-text-editor\" data-id=\"f7a8d11\" data-element_type=\"widget\" data-e-type=\"widget\" data-widget_type=\"text-editor.default\">\n\t\t\t\t\t\t\t\t\t<p>Trabajamos con las bebidas energizantes m\u00e1s demandadas del mercado, pensadas para quienes viven al m\u00e1ximo y necesitan un impulso extra en su d\u00eda. Garantizamos frescura, sabor intenso y abastecimiento constante para que tu negocio siempre est\u00e9 listo para responder a una generaci\u00f3n activa, exigente y en movimiento. M\u00e1s que energ\u00eda, ofrecemos actitud, potencia y rendimiento en cada lata..<\/p>\t\t\t\t\t\t\t\t<\/div>\n\t\t\t\t\t<\/div>\n\t\t\t\t<\/div>\n\t\t<div class=\"elementor-element elementor-element-110d89e e-flex e-con-boxed e-con e-parent\" data-id=\"110d89e\" data-element_type=\"container\" data-e-type=\"container\">\n\t\t\t\t\t<div class=\"e-con-inner\">\n\t\t<div class=\"elementor-element elementor-element-8ee64d6 e-con-full e-flex e-con e-child\" data-id=\"8ee64d6\" data-element_type=\"container\" data-e-type=\"container\">\n\t\t\t\t<div class=\"elementor-element elementor-element-1f9dcd8 elementor-widget elementor-widget-image\" data-id=\"1f9dcd8\" data-element_type=\"widget\" data-e-type=\"widget\" data-widget_type=\"image.default\">\n\t\t\t\t\t\t\t\t\t\t\t\t\t\t\t<img fetchpriority=\"high\" decoding=\"async\" width=\"1024\" height=\"1024\" src=\"https:\/\/norai2006.es\/wp-content\/uploads\/2026\/03\/WhatsApp-Image-2025-07-12-at-10.11.52-2-1024x1024.jpeg\" class=\"attachment-large size-large wp-image-949\" alt=\"\" srcset=\"https:\/\/norai2006.es\/wp-content\/uploads\/2026\/03\/WhatsApp-Image-2025-07-12-at-10.11.52-2-1024x1024.jpeg 1024w, https:\/\/norai2006.es\/wp-content\/uploads\/2026\/03\/WhatsApp-Image-2025-07-12-at-10.11.52-2-300x300.jpeg 300w, https:\/\/norai2006.es\/wp-content\/uploads\/2026\/03\/WhatsApp-Image-2025-07-12-at-10.11.52-2-150x150.jpeg 150w, https:\/\/norai2006.es\/wp-content\/uploads\/2026\/03\/WhatsApp-Image-2025-07-12-at-10.11.52-2-768x768.jpeg 768w, https:\/\/norai2006.es\/wp-content\/uploads\/2026\/03\/WhatsApp-Image-2025-07-12-at-10.11.52-2-1536x1536.jpeg 1536w, https:\/\/norai2006.es\/wp-content\/uploads\/2026\/03\/WhatsApp-Image-2025-07-12-at-10.11.52-2.jpeg 1600w\" sizes=\"(max-width: 1024px) 100vw, 1024px\" \/>\t\t\t\t\t\t\t\t\t\t\t\t\t\t\t<\/div>\n\t\t\t\t<div class=\"elementor-element elementor-element-ce52b44 elementor-widget elementor-widget-text-editor\" data-id=\"ce52b44\" data-element_type=\"widget\" data-e-type=\"widget\" data-widget_type=\"text-editor.default\">\n\t\t\t\t\t\t\t\t\t<p>1830 Islas Original 25cl<\/p>\t\t\t\t\t\t\t\t<\/div>\n\t\t\t\t<\/div>\n\t\t<div class=\"elementor-element elementor-element-2e12a8d e-con-full e-flex e-con e-child\" data-id=\"2e12a8d\" data-element_type=\"container\" data-e-type=\"container\">\n\t\t\t\t<\/div>\n\t\t<div class=\"elementor-element elementor-element-d9a2fc4 e-con-full e-flex e-con e-child\" data-id=\"d9a2fc4\" data-element_type=\"container\" data-e-type=\"container\">\n\t\t\t\t<\/div>\n\t\t<div class=\"elementor-element elementor-element-6315e96 e-con-full e-flex e-con e-child\" data-id=\"6315e96\" data-element_type=\"container\" data-e-type=\"container\">\n\t\t\t\t<\/div>\n\t\t\t\t\t<\/div>\n\t\t\t\t<\/div>\n\t\t<div class=\"elementor-element elementor-element-d29b8a2 e-flex e-con-boxed e-con e-parent\" data-id=\"d29b8a2\" data-element_type=\"container\" data-e-type=\"container\">\n\t\t\t\t\t<div class=\"e-con-inner\">\n\t\t<div class=\"elementor-element elementor-element-005ffdd e-con-full e-flex e-con e-child\" data-id=\"005ffdd\" data-element_type=\"container\" data-e-type=\"container\">\n\t\t\t\t<div class=\"elementor-element elementor-element-8d6f5da elementor-widget elementor-widget-image\" data-id=\"8d6f5da\" data-element_type=\"widget\" data-e-type=\"widget\" data-widget_type=\"image.default\">\n\t\t\t\t\t\t\t\t\t\t\t\t\t\t\t<img decoding=\"async\" width=\"300\" height=\"300\" src=\"https:\/\/norai2006.es\/wp-content\/uploads\/2026\/03\/Cheesecake-25cl-300x300-1.png\" class=\"attachment-large size-large wp-image-938\" alt=\"\" srcset=\"https:\/\/norai2006.es\/wp-content\/uploads\/2026\/03\/Cheesecake-25cl-300x300-1.png 300w, https:\/\/norai2006.es\/wp-content\/uploads\/2026\/03\/Cheesecake-25cl-300x300-1-150x150.png 150w\" sizes=\"(max-width: 300px) 100vw, 300px\" \/>\t\t\t\t\t\t\t\t\t\t\t\t\t\t\t<\/div>\n\t\t\t\t<div class=\"elementor-element elementor-element-213195e elementor-widget elementor-widget-text-editor\" data-id=\"213195e\" data-element_type=\"widget\" data-e-type=\"widget\" data-widget_type=\"text-editor.default\">\n\t\t\t\t\t\t\t\t\t<p>Evolution Cheescake 25cl<\/p>\t\t\t\t\t\t\t\t<\/div>\n\t\t\t\t<\/div>\n\t\t<div class=\"elementor-element elementor-element-ab3cbf0 e-con-full e-flex e-con e-child\" data-id=\"ab3cbf0\" data-element_type=\"container\" data-e-type=\"container\">\n\t\t\t\t<div class=\"elementor-element elementor-element-b70400f elementor-widget elementor-widget-image\" data-id=\"b70400f\" data-element_type=\"widget\" data-e-type=\"widget\" data-widget_type=\"image.default\">\n\t\t\t\t\t\t\t\t\t\t\t\t\t\t\t<img decoding=\"async\" width=\"300\" height=\"300\" src=\"https:\/\/norai2006.es\/wp-content\/uploads\/2026\/03\/Coco-25cl-300x300-1.png\" class=\"attachment-large size-large wp-image-940\" alt=\"\" srcset=\"https:\/\/norai2006.es\/wp-content\/uploads\/2026\/03\/Coco-25cl-300x300-1.png 300w, https:\/\/norai2006.es\/wp-content\/uploads\/2026\/03\/Coco-25cl-300x300-1-150x150.png 150w\" sizes=\"(max-width: 300px) 100vw, 300px\" \/>\t\t\t\t\t\t\t\t\t\t\t\t\t\t\t<\/div>\n\t\t\t\t<div class=\"elementor-element elementor-element-80b13b9 elementor-widget elementor-widget-text-editor\" data-id=\"80b13b9\" data-element_type=\"widget\" data-e-type=\"widget\" data-widget_type=\"text-editor.default\">\n\t\t\t\t\t\t\t\t\t<p>Evolution Coco 25cl<\/p>\t\t\t\t\t\t\t\t<\/div>\n\t\t\t\t<\/div>\n\t\t<div class=\"elementor-element elementor-element-1a6322e e-con-full e-flex e-con e-child\" data-id=\"1a6322e\" data-element_type=\"container\" data-e-type=\"container\">\n\t\t\t\t<div class=\"elementor-element elementor-element-5bec6e4 elementor-widget elementor-widget-image\" data-id=\"5bec6e4\" data-element_type=\"widget\" data-e-type=\"widget\" data-widget_type=\"image.default\">\n\t\t\t\t\t\t\t\t\t\t\t\t\t\t\t<img loading=\"lazy\" decoding=\"async\" width=\"300\" height=\"300\" src=\"https:\/\/norai2006.es\/wp-content\/uploads\/2026\/03\/Frambuesa-25cl-300x300-1.png\" class=\"attachment-large size-large wp-image-941\" alt=\"\" srcset=\"https:\/\/norai2006.es\/wp-content\/uploads\/2026\/03\/Frambuesa-25cl-300x300-1.png 300w, https:\/\/norai2006.es\/wp-content\/uploads\/2026\/03\/Frambuesa-25cl-300x300-1-150x150.png 150w\" sizes=\"(max-width: 300px) 100vw, 300px\" \/>\t\t\t\t\t\t\t\t\t\t\t\t\t\t\t<\/div>\n\t\t\t\t<div class=\"elementor-element elementor-element-4c37376 elementor-widget elementor-widget-text-editor\" data-id=\"4c37376\" data-element_type=\"widget\" data-e-type=\"widget\" data-widget_type=\"text-editor.default\">\n\t\t\t\t\t\t\t\t\t<p>Evolution Frambuesa 25cl<\/p>\t\t\t\t\t\t\t\t<\/div>\n\t\t\t\t<\/div>\n\t\t<div class=\"elementor-element elementor-element-61984c9 e-con-full e-flex e-con e-child\" data-id=\"61984c9\" data-element_type=\"container\" data-e-type=\"container\">\n\t\t\t\t<div class=\"elementor-element elementor-element-9390f45 elementor-widget elementor-widget-image\" data-id=\"9390f45\" data-element_type=\"widget\" data-e-type=\"widget\" data-widget_type=\"image.default\">\n\t\t\t\t\t\t\t\t\t\t\t\t\t\t\t<img loading=\"lazy\" decoding=\"async\" width=\"300\" height=\"300\" src=\"https:\/\/norai2006.es\/wp-content\/uploads\/2026\/03\/Fresa-25cl-300x300-1.png\" class=\"attachment-large size-large wp-image-942\" alt=\"\" srcset=\"https:\/\/norai2006.es\/wp-content\/uploads\/2026\/03\/Fresa-25cl-300x300-1.png 300w, https:\/\/norai2006.es\/wp-content\/uploads\/2026\/03\/Fresa-25cl-300x300-1-150x150.png 150w\" sizes=\"(max-width: 300px) 100vw, 300px\" \/>\t\t\t\t\t\t\t\t\t\t\t\t\t\t\t<\/div>\n\t\t\t\t<div class=\"elementor-element elementor-element-258c6df elementor-widget elementor-widget-text-editor\" data-id=\"258c6df\" data-element_type=\"widget\" data-e-type=\"widget\" data-widget_type=\"text-editor.default\">\n\t\t\t\t\t\t\t\t\t<p>Evolution Fresa 25cl<\/p>\t\t\t\t\t\t\t\t<\/div>\n\t\t\t\t<\/div>\n\t\t\t\t\t<\/div>\n\t\t\t\t<\/div>\n\t\t<div class=\"elementor-element elementor-element-1cad2de e-flex e-con-boxed e-con e-parent\" data-id=\"1cad2de\" data-element_type=\"container\" data-e-type=\"container\">\n\t\t\t\t\t<div class=\"e-con-inner\">\n\t\t<div class=\"elementor-element elementor-element-439915b e-con-full e-flex e-con e-child\" data-id=\"439915b\" data-element_type=\"container\" data-e-type=\"container\">\n\t\t\t\t<div class=\"elementor-element elementor-element-1c7853e elementor-widget elementor-widget-image\" data-id=\"1c7853e\" data-element_type=\"widget\" data-e-type=\"widget\" data-widget_type=\"image.default\">\n\t\t\t\t\t\t\t\t\t\t\t\t\t\t\t<img loading=\"lazy\" decoding=\"async\" width=\"300\" height=\"300\" src=\"https:\/\/norai2006.es\/wp-content\/uploads\/2026\/03\/Mango-25cl-300x300-1.png\" class=\"attachment-large size-large wp-image-943\" alt=\"\" srcset=\"https:\/\/norai2006.es\/wp-content\/uploads\/2026\/03\/Mango-25cl-300x300-1.png 300w, https:\/\/norai2006.es\/wp-content\/uploads\/2026\/03\/Mango-25cl-300x300-1-150x150.png 150w\" sizes=\"(max-width: 300px) 100vw, 300px\" \/>\t\t\t\t\t\t\t\t\t\t\t\t\t\t\t<\/div>\n\t\t\t\t<div class=\"elementor-element elementor-element-ec1d334 elementor-widget elementor-widget-text-editor\" data-id=\"ec1d334\" data-element_type=\"widget\" data-e-type=\"widget\" data-widget_type=\"text-editor.default\">\n\t\t\t\t\t\t\t\t\t<p>Evolution Mango 25cl<\/p>\t\t\t\t\t\t\t\t<\/div>\n\t\t\t\t<\/div>\n\t\t<div class=\"elementor-element elementor-element-98d4026 e-con-full e-flex e-con e-child\" data-id=\"98d4026\" data-element_type=\"container\" data-e-type=\"container\">\n\t\t\t\t<div class=\"elementor-element elementor-element-4098413 elementor-widget elementor-widget-image\" data-id=\"4098413\" data-element_type=\"widget\" data-e-type=\"widget\" data-widget_type=\"image.default\">\n\t\t\t\t\t\t\t\t\t\t\t\t\t\t\t<img loading=\"lazy\" decoding=\"async\" width=\"300\" height=\"300\" src=\"https:\/\/norai2006.es\/wp-content\/uploads\/2026\/03\/Mora-25cl-300x300-1.png\" class=\"attachment-large size-large wp-image-944\" alt=\"\" srcset=\"https:\/\/norai2006.es\/wp-content\/uploads\/2026\/03\/Mora-25cl-300x300-1.png 300w, https:\/\/norai2006.es\/wp-content\/uploads\/2026\/03\/Mora-25cl-300x300-1-150x150.png 150w\" sizes=\"(max-width: 300px) 100vw, 300px\" \/>\t\t\t\t\t\t\t\t\t\t\t\t\t\t\t<\/div>\n\t\t\t\t<div class=\"elementor-element elementor-element-c8e860b elementor-widget elementor-widget-text-editor\" data-id=\"c8e860b\" data-element_type=\"widget\" data-e-type=\"widget\" data-widget_type=\"text-editor.default\">\n\t\t\t\t\t\t\t\t\t<p>Evolution Mora 25cl<\/p>\t\t\t\t\t\t\t\t<\/div>\n\t\t\t\t<\/div>\n\t\t<div class=\"elementor-element elementor-element-245a27a e-con-full e-flex e-con e-child\" data-id=\"245a27a\" data-element_type=\"container\" data-e-type=\"container\">\n\t\t\t\t<div class=\"elementor-element elementor-element-933d349 elementor-widget elementor-widget-image\" data-id=\"933d349\" data-element_type=\"widget\" data-e-type=\"widget\" data-widget_type=\"image.default\">\n\t\t\t\t\t\t\t\t\t\t\t\t\t\t\t<img loading=\"lazy\" decoding=\"async\" width=\"300\" height=\"300\" src=\"https:\/\/norai2006.es\/wp-content\/uploads\/2026\/03\/Original-25cl-300x300-1.png\" class=\"attachment-large size-large wp-image-945\" alt=\"\" srcset=\"https:\/\/norai2006.es\/wp-content\/uploads\/2026\/03\/Original-25cl-300x300-1.png 300w, https:\/\/norai2006.es\/wp-content\/uploads\/2026\/03\/Original-25cl-300x300-1-150x150.png 150w\" sizes=\"(max-width: 300px) 100vw, 300px\" \/>\t\t\t\t\t\t\t\t\t\t\t\t\t\t\t<\/div>\n\t\t\t\t<div class=\"elementor-element elementor-element-ce978cd elementor-widget elementor-widget-text-editor\" data-id=\"ce978cd\" data-element_type=\"widget\" data-e-type=\"widget\" data-widget_type=\"text-editor.default\">\n\t\t\t\t\t\t\t\t\t<p>Evolution Original 25cl<\/p>\t\t\t\t\t\t\t\t<\/div>\n\t\t\t\t<\/div>\n\t\t<div class=\"elementor-element elementor-element-93b0fcb e-con-full e-flex e-con e-child\" data-id=\"93b0fcb\" data-element_type=\"container\" data-e-type=\"container\">\n\t\t\t\t<div class=\"elementor-element elementor-element-f11aec6 elementor-widget elementor-widget-image\" data-id=\"f11aec6\" data-element_type=\"widget\" data-e-type=\"widget\" data-widget_type=\"image.default\">\n\t\t\t\t\t\t\t\t\t\t\t\t\t\t\t<img loading=\"lazy\" decoding=\"async\" width=\"300\" height=\"300\" src=\"https:\/\/norai2006.es\/wp-content\/uploads\/2026\/03\/Pina-Coco-25cl-300x300-1.png\" class=\"attachment-large size-large wp-image-946\" alt=\"\" srcset=\"https:\/\/norai2006.es\/wp-content\/uploads\/2026\/03\/Pina-Coco-25cl-300x300-1.png 300w, https:\/\/norai2006.es\/wp-content\/uploads\/2026\/03\/Pina-Coco-25cl-300x300-1-150x150.png 150w\" sizes=\"(max-width: 300px) 100vw, 300px\" \/>\t\t\t\t\t\t\t\t\t\t\t\t\t\t\t<\/div>\n\t\t\t\t<div class=\"elementor-element elementor-element-8b72656 elementor-widget elementor-widget-text-editor\" data-id=\"8b72656\" data-element_type=\"widget\" data-e-type=\"widget\" data-widget_type=\"text-editor.default\">\n\t\t\t\t\t\t\t\t\t<p>Evolution Pi\u00f1a Coco 25cl<\/p>\t\t\t\t\t\t\t\t<\/div>\n\t\t\t\t<\/div>\n\t\t\t\t\t<\/div>\n\t\t\t\t<\/div>\n\t\t<div class=\"elementor-element elementor-element-13900b6 e-flex e-con-boxed e-con e-parent\" data-id=\"13900b6\" data-element_type=\"container\" data-e-type=\"container\">\n\t\t\t\t\t<div class=\"e-con-inner\">\n\t\t<div class=\"elementor-element elementor-element-0a35433 e-con-full e-flex e-con e-child\" data-id=\"0a35433\" data-element_type=\"container\" data-e-type=\"container\">\n\t\t\t\t<div class=\"elementor-element elementor-element-a4e30c5 elementor-widget elementor-widget-image\" data-id=\"a4e30c5\" data-element_type=\"widget\" data-e-type=\"widget\" data-widget_type=\"image.default\">\n\t\t\t\t\t\t\t\t\t\t\t\t\t\t\t<img loading=\"lazy\" decoding=\"async\" width=\"300\" height=\"300\" src=\"https:\/\/norai2006.es\/wp-content\/uploads\/2026\/03\/Platano-25cl-300x300-1.png\" class=\"attachment-large size-large wp-image-947\" alt=\"\" srcset=\"https:\/\/norai2006.es\/wp-content\/uploads\/2026\/03\/Platano-25cl-300x300-1.png 300w, https:\/\/norai2006.es\/wp-content\/uploads\/2026\/03\/Platano-25cl-300x300-1-150x150.png 150w\" sizes=\"(max-width: 300px) 100vw, 300px\" \/>\t\t\t\t\t\t\t\t\t\t\t\t\t\t\t<\/div>\n\t\t\t\t<div class=\"elementor-element elementor-element-3b2f034 elementor-widget elementor-widget-text-editor\" data-id=\"3b2f034\" data-element_type=\"widget\" data-e-type=\"widget\" data-widget_type=\"text-editor.default\">\n\t\t\t\t\t\t\t\t\t<p>Evolution Pl\u00e1tano 25cl<\/p>\t\t\t\t\t\t\t\t<\/div>\n\t\t\t\t<\/div>\n\t\t<div class=\"elementor-element elementor-element-75db3e4 e-con-full e-flex e-con e-child\" data-id=\"75db3e4\" data-element_type=\"container\" data-e-type=\"container\">\n\t\t\t\t<div class=\"elementor-element elementor-element-04a50a7 elementor-widget elementor-widget-image\" data-id=\"04a50a7\" data-element_type=\"widget\" data-e-type=\"widget\" data-widget_type=\"image.default\">\n\t\t\t\t\t\t\t\t\t\t\t\t\t\t\t<img loading=\"lazy\" decoding=\"async\" width=\"300\" height=\"300\" src=\"https:\/\/norai2006.es\/wp-content\/uploads\/2026\/03\/Uva-Sandia-25cl-300x300-1.png\" class=\"attachment-large size-large wp-image-948\" alt=\"\" srcset=\"https:\/\/norai2006.es\/wp-content\/uploads\/2026\/03\/Uva-Sandia-25cl-300x300-1.png 300w, https:\/\/norai2006.es\/wp-content\/uploads\/2026\/03\/Uva-Sandia-25cl-300x300-1-150x150.png 150w\" sizes=\"(max-width: 300px) 100vw, 300px\" \/>\t\t\t\t\t\t\t\t\t\t\t\t\t\t\t<\/div>\n\t\t\t\t<div class=\"elementor-element elementor-element-f9b6033 elementor-widget elementor-widget-text-editor\" data-id=\"f9b6033\" data-element_type=\"widget\" data-e-type=\"widget\" data-widget_type=\"text-editor.default\">\n\t\t\t\t\t\t\t\t\t<p>Evolution Uva Sand\u00eda 25cl<\/p>\t\t\t\t\t\t\t\t<\/div>\n\t\t\t\t<\/div>\n\t\t<div class=\"elementor-element elementor-element-6847dad e-con-full e-flex e-con e-child\" data-id=\"6847dad\" data-element_type=\"container\" data-e-type=\"container\">\n\t\t\t\t<\/div>\n\t\t<div class=\"elementor-element elementor-element-1f436b9 e-con-full e-flex e-con e-child\" data-id=\"1f436b9\" data-element_type=\"container\" data-e-type=\"container\">\n\t\t\t\t<\/div>\n\t\t\t\t\t<\/div>\n\t\t\t\t<\/div>\n\t\t<div class=\"elementor-element elementor-element-9c04a33 e-flex e-con-boxed e-con e-parent\" data-id=\"9c04a33\" data-element_type=\"container\" data-e-type=\"container\">\n\t\t\t\t\t<div class=\"e-con-inner\">\n\t\t\t\t<div class=\"elementor-element elementor-element-9a15d57 elementor-widget elementor-widget-heading\" data-id=\"9a15d57\" data-element_type=\"widget\" data-e-type=\"widget\" data-widget_type=\"heading.default\">\n\t\t\t\t\t<h2 class=\"elementor-heading-title elementor-size-default\">Novedades<\/h2>\t\t\t\t<\/div>\n\t\t\t\t\t<\/div>\n\t\t\t\t<\/div>\n\t\t<div class=\"elementor-element elementor-element-8ea6348 e-flex e-con-boxed e-con e-parent\" data-id=\"8ea6348\" data-element_type=\"container\" data-e-type=\"container\">\n\t\t\t\t\t<div class=\"e-con-inner\">\n\t\t<div class=\"elementor-element elementor-element-8526988 e-con-full e-flex e-con e-child\" data-id=\"8526988\" data-element_type=\"container\" data-e-type=\"container\">\n\t\t\t\t<div class=\"elementor-element elementor-element-f5ec7c8 elementor-widget elementor-widget-image\" data-id=\"f5ec7c8\" data-element_type=\"widget\" data-e-type=\"widget\" data-widget_type=\"image.default\">\n\t\t\t\t\t\t\t\t\t\t\t\t\t\t\t<img loading=\"lazy\" decoding=\"async\" width=\"300\" height=\"300\" src=\"https:\/\/norai2006.es\/wp-content\/uploads\/2026\/03\/Enerdrink-Vodka-300x300-1.png\" class=\"attachment-large size-large wp-image-842\" alt=\"\" srcset=\"https:\/\/norai2006.es\/wp-content\/uploads\/2026\/03\/Enerdrink-Vodka-300x300-1.png 300w, https:\/\/norai2006.es\/wp-content\/uploads\/2026\/03\/Enerdrink-Vodka-300x300-1-150x150.png 150w\" sizes=\"(max-width: 300px) 100vw, 300px\" \/>\t\t\t\t\t\t\t\t\t\t\t\t\t\t\t<\/div>\n\t\t\t\t<div class=\"elementor-element elementor-element-96e945b elementor-widget elementor-widget-text-editor\" data-id=\"96e945b\" data-element_type=\"widget\" data-e-type=\"widget\" data-widget_type=\"text-editor.default\">\n\t\t\t\t\t\t\t\t\t<p>Evolution mix Vodka 19% 25cl<\/p>\t\t\t\t\t\t\t\t<\/div>\n\t\t\t\t<\/div>\n\t\t<div class=\"elementor-element elementor-element-53634d5 e-con-full animated-slow e-flex elementor-invisible e-con e-child\" data-id=\"53634d5\" data-element_type=\"container\" data-e-type=\"container\" data-settings=\"{&quot;animation&quot;:&quot;fadeInRight&quot;,&quot;animation_delay&quot;:100}\">\n\t\t\t\t<div class=\"elementor-element elementor-element-5f0eb32 elementor-widget elementor-widget-image\" data-id=\"5f0eb32\" data-element_type=\"widget\" data-e-type=\"widget\" data-widget_type=\"image.default\">\n\t\t\t\t\t\t\t\t\t\t\t\t\t\t\t<img loading=\"lazy\" decoding=\"async\" width=\"728\" height=\"1024\" src=\"https:\/\/norai2006.es\/wp-content\/uploads\/2026\/03\/Cartel-Energetica-con-VODKA-728x1024.jpeg\" class=\"attachment-large size-large wp-image-922\" alt=\"\" srcset=\"https:\/\/norai2006.es\/wp-content\/uploads\/2026\/03\/Cartel-Energetica-con-VODKA-728x1024.jpeg 728w, https:\/\/norai2006.es\/wp-content\/uploads\/2026\/03\/Cartel-Energetica-con-VODKA-213x300.jpeg 213w, https:\/\/norai2006.es\/wp-content\/uploads\/2026\/03\/Cartel-Energetica-con-VODKA-768x1080.jpeg 768w, https:\/\/norai2006.es\/wp-content\/uploads\/2026\/03\/Cartel-Energetica-con-VODKA-1092x1536.jpeg 1092w, https:\/\/norai2006.es\/wp-content\/uploads\/2026\/03\/Cartel-Energetica-con-VODKA.jpeg 1137w\" sizes=\"(max-width: 728px) 100vw, 728px\" \/>\t\t\t\t\t\t\t\t\t\t\t\t\t\t\t<\/div>\n\t\t\t\t<\/div>\n\t\t\t\t\t<\/div>\n\t\t\t\t<\/div>\n\t\t<div class=\"elementor-element elementor-element-75b4687 e-flex e-con-boxed e-con e-parent\" data-id=\"75b4687\" data-element_type=\"container\" data-e-type=\"container\">\n\t\t\t\t\t<div class=\"e-con-inner\">\n\t\t\t\t<div class=\"elementor-element elementor-element-2722eb4 elementor-widget elementor-widget-spacer\" data-id=\"2722eb4\" data-element_type=\"widget\" data-e-type=\"widget\" data-widget_type=\"spacer.default\">\n\t\t\t\t\t\t\t<div class=\"elementor-spacer\">\n\t\t\t<div class=\"elementor-spacer-inner\"><\/div>\n\t\t<\/div>\n\t\t\t\t\t\t<\/div>\n\t\t\t\t\t<\/div>\n\t\t\t\t<\/div>\n\t\t\t\t<\/div>\n\t\t","protected":false},"excerpt":{"rendered":"<p>Energ\u00eda, actitud y potencia en cada lata Trabajamos con las bebidas energizantes m\u00e1s demandadas del mercado, pensadas para quienes viven al m\u00e1ximo y necesitan un impulso extra en su d\u00eda. Garantizamos frescura, sabor intenso y abastecimiento constante para que tu negocio siempre est\u00e9 listo para responder a una generaci\u00f3n activa, exigente y en movimiento. M\u00e1s [&hellip;]<\/p>\n","protected":false},"author":1,"featured_media":0,"parent":0,"menu_order":0,"comment_status":"closed","ping_status":"closed","template":"","meta":{"footnotes":""},"class_list":["post-762","page","type-page","status-publish","hentry"],"blocksy_meta":[],"_links":{"self":[{"href":"https:\/\/norai2006.es\/index.php?rest_route=\/wp\/v2\/pages\/762","targetHints":{"allow":["GET"]}}],"collection":[{"href":"https:\/\/norai2006.es\/index.php?rest_route=\/wp\/v2\/pages"}],"about":[{"href":"https:\/\/norai2006.es\/index.php?rest_route=\/wp\/v2\/types\/page"}],"author":[{"embeddable":true,"href":"https:\/\/norai2006.es\/index.php?rest_route=\/wp\/v2\/users\/1"}],"replies":[{"embeddable":true,"href":"https:\/\/norai2006.es\/index.php?rest_route=%2Fwp%2Fv2%2Fcomments&post=762"}],"version-history":[{"count":29,"href":"https:\/\/norai2006.es\/index.php?rest_route=\/wp\/v2\/pages\/762\/revisions"}],"predecessor-version":[{"id":1528,"href":"https:\/\/norai2006.es\/index.php?rest_route=\/wp\/v2\/pages\/762\/revisions\/1528"}],"wp:attachment":[{"href":"https:\/\/norai2006.es\/index.php?rest_route=%2Fwp%2Fv2%2Fmedia&parent=762"}],"curies":[{"name":"wp","href":"https:\/\/api.w.org\/{rel}","templated":true}]}}