{"id":760,"date":"2026-03-24T10:25:15","date_gmt":"2026-03-24T10:25:15","guid":{"rendered":"https:\/\/norai2006.es\/?page_id=760"},"modified":"2026-04-22T10:15:06","modified_gmt":"2026-04-22T10:15:06","slug":"cervezas","status":"publish","type":"page","link":"https:\/\/norai2006.es\/?page_id=760","title":{"rendered":"Cervezas"},"content":{"rendered":"\t\t<div data-elementor-type=\"wp-page\" data-elementor-id=\"760\" class=\"elementor elementor-760\">\n\t\t\t\t<div class=\"elementor-element elementor-element-c7b147e e-flex e-con-boxed e-con e-parent\" data-id=\"c7b147e\" data-element_type=\"container\" data-e-type=\"container\" data-settings=\"{&quot;background_background&quot;:&quot;slideshow&quot;,&quot;background_slideshow_gallery&quot;:[{&quot;id&quot;:881,&quot;url&quot;:&quot;https:\\\/\\\/norai2006.es\\\/wp-content\\\/uploads\\\/2026\\\/03\\\/pexels-thatguycraig000-1557686-scaled.jpg&quot;}],&quot;background_slideshow_loop&quot;:&quot;yes&quot;,&quot;background_slideshow_slide_duration&quot;:5000,&quot;background_slideshow_slide_transition&quot;:&quot;fade&quot;,&quot;background_slideshow_transition_duration&quot;:500}\">\n\t\t\t\t\t<div class=\"e-con-inner\">\n\t\t\t\t\t<\/div>\n\t\t\t\t<\/div>\n\t\t<div class=\"elementor-element elementor-element-b71da1a e-flex e-con-boxed e-con e-parent\" data-id=\"b71da1a\" data-element_type=\"container\" data-e-type=\"container\">\n\t\t\t\t\t<div class=\"e-con-inner\">\n\t\t\t\t<div class=\"elementor-element elementor-element-c92e827 elementor-widget elementor-widget-heading\" data-id=\"c92e827\" data-element_type=\"widget\" data-e-type=\"widget\" data-widget_type=\"heading.default\">\n\t\t\t\t\t<h2 class=\"elementor-heading-title elementor-size-default\">La cerveza perfecta para cada ocasi\u00f3n<\/h2>\t\t\t\t<\/div>\n\t\t\t\t<div class=\"elementor-element elementor-element-32c08be elementor-widget elementor-widget-text-editor\" data-id=\"32c08be\" data-element_type=\"widget\" data-e-type=\"widget\" data-widget_type=\"text-editor.default\">\n\t\t\t\t\t\t\t\t\t<p>Ofrecemos una cuidada selecci\u00f3n de cervezas que destacan por su sabor, frescura y excelente presentaci\u00f3n. Trabajamos con marcas reconocidas y productores comprometidos con altos est\u00e1ndares de elaboraci\u00f3n y conservaci\u00f3n, garantizando que cada producto mantenga sus propiedades y calidad original. Desde cervezas tradicionales hasta opciones especiales y premium, aseguramos un abastecimiento confiable para que tu negocio siempre ofrezca lo mejor a sus clientes.<\/p>\t\t\t\t\t\t\t\t<\/div>\n\t\t\t\t\t<\/div>\n\t\t\t\t<\/div>\n\t\t<div class=\"elementor-element elementor-element-d176f5b e-flex e-con-boxed e-con e-parent\" data-id=\"d176f5b\" data-element_type=\"container\" data-e-type=\"container\">\n\t\t\t\t\t<div class=\"e-con-inner\">\n\t\t<div class=\"elementor-element elementor-element-eddaeb5 e-con-full e-flex e-con e-child\" data-id=\"eddaeb5\" data-element_type=\"container\" data-e-type=\"container\" data-settings=\"{&quot;background_background&quot;:&quot;classic&quot;}\">\n\t\t\t\t<div class=\"elementor-element elementor-element-7e613cc elementor-widget elementor-widget-image\" data-id=\"7e613cc\" data-element_type=\"widget\" data-e-type=\"widget\" data-widget_type=\"image.default\">\n\t\t\t\t\t\t\t\t\t\t\t\t\t\t\t<img fetchpriority=\"high\" decoding=\"async\" width=\"1024\" height=\"1024\" src=\"https:\/\/norai2006.es\/wp-content\/uploads\/2026\/03\/IMG-20250825-WA0011-1-1024x1024.jpg\" class=\"attachment-large size-large wp-image-642\" alt=\"\" srcset=\"https:\/\/norai2006.es\/wp-content\/uploads\/2026\/03\/IMG-20250825-WA0011-1-1024x1024.jpg 1024w, https:\/\/norai2006.es\/wp-content\/uploads\/2026\/03\/IMG-20250825-WA0011-1-300x300.jpg 300w, https:\/\/norai2006.es\/wp-content\/uploads\/2026\/03\/IMG-20250825-WA0011-1-150x150.jpg 150w, https:\/\/norai2006.es\/wp-content\/uploads\/2026\/03\/IMG-20250825-WA0011-1-768x768.jpg 768w, https:\/\/norai2006.es\/wp-content\/uploads\/2026\/03\/IMG-20250825-WA0011-1-1536x1536.jpg 1536w, https:\/\/norai2006.es\/wp-content\/uploads\/2026\/03\/IMG-20250825-WA0011-1-600x600.jpg 600w, https:\/\/norai2006.es\/wp-content\/uploads\/2026\/03\/IMG-20250825-WA0011-1-100x100.jpg 100w, https:\/\/norai2006.es\/wp-content\/uploads\/2026\/03\/IMG-20250825-WA0011-1.jpg 1600w\" sizes=\"(max-width: 1024px) 100vw, 1024px\" \/>\t\t\t\t\t\t\t\t\t\t\t\t\t\t\t<\/div>\n\t\t\t\t<div class=\"elementor-element elementor-element-a30eb3a elementor-widget elementor-widget-text-editor\" data-id=\"a30eb3a\" data-element_type=\"widget\" data-e-type=\"widget\" data-widget_type=\"text-editor.default\">\n\t\t\t\t\t\t\t\t\t<p>1830 Islas 5\u00ba 33cl<\/p>\t\t\t\t\t\t\t\t<\/div>\n\t\t\t\t<\/div>\n\t\t<div class=\"elementor-element elementor-element-0bb911e e-con-full e-flex e-con e-child\" data-id=\"0bb911e\" data-element_type=\"container\" data-e-type=\"container\">\n\t\t\t\t<div class=\"elementor-element elementor-element-66fdfa3 elementor-widget elementor-widget-image\" data-id=\"66fdfa3\" data-element_type=\"widget\" data-e-type=\"widget\" data-widget_type=\"image.default\">\n\t\t\t\t\t\t\t\t\t\t\t\t\t\t\t<img decoding=\"async\" width=\"1024\" height=\"1024\" src=\"https:\/\/norai2006.es\/wp-content\/uploads\/2026\/03\/01.CERVEZA-1830-ISLAS-FUERTE-1.png\" class=\"attachment-large size-large wp-image-638\" alt=\"\" srcset=\"https:\/\/norai2006.es\/wp-content\/uploads\/2026\/03\/01.CERVEZA-1830-ISLAS-FUERTE-1.png 1024w, https:\/\/norai2006.es\/wp-content\/uploads\/2026\/03\/01.CERVEZA-1830-ISLAS-FUERTE-1-300x300.png 300w, https:\/\/norai2006.es\/wp-content\/uploads\/2026\/03\/01.CERVEZA-1830-ISLAS-FUERTE-1-150x150.png 150w, https:\/\/norai2006.es\/wp-content\/uploads\/2026\/03\/01.CERVEZA-1830-ISLAS-FUERTE-1-768x768.png 768w, https:\/\/norai2006.es\/wp-content\/uploads\/2026\/03\/01.CERVEZA-1830-ISLAS-FUERTE-1-600x600.png 600w, https:\/\/norai2006.es\/wp-content\/uploads\/2026\/03\/01.CERVEZA-1830-ISLAS-FUERTE-1-100x100.png 100w\" sizes=\"(max-width: 1024px) 100vw, 1024px\" \/>\t\t\t\t\t\t\t\t\t\t\t\t\t\t\t<\/div>\n\t\t\t\t<div class=\"elementor-element elementor-element-432adb2 elementor-widget elementor-widget-text-editor\" data-id=\"432adb2\" data-element_type=\"widget\" data-e-type=\"widget\" data-widget_type=\"text-editor.default\">\n\t\t\t\t\t\t\t\t\t<p>1830 Islas 5,4\u00ba 33cl<\/p>\t\t\t\t\t\t\t\t<\/div>\n\t\t\t\t<\/div>\n\t\t<div class=\"elementor-element elementor-element-7516a49 e-con-full e-flex e-con e-child\" data-id=\"7516a49\" data-element_type=\"container\" data-e-type=\"container\">\n\t\t\t\t<div class=\"elementor-element elementor-element-c3a8241 elementor-widget elementor-widget-image\" data-id=\"c3a8241\" data-element_type=\"widget\" data-e-type=\"widget\" data-widget_type=\"image.default\">\n\t\t\t\t\t\t\t\t\t\t\t\t\t\t\t<img decoding=\"async\" width=\"650\" height=\"1024\" src=\"https:\/\/norai2006.es\/wp-content\/uploads\/2026\/03\/GERMANIA-33CL-650x1024.jpg\" class=\"attachment-large size-large wp-image-548\" alt=\"\" srcset=\"https:\/\/norai2006.es\/wp-content\/uploads\/2026\/03\/GERMANIA-33CL-650x1024.jpg 650w, https:\/\/norai2006.es\/wp-content\/uploads\/2026\/03\/GERMANIA-33CL-190x300.jpg 190w, https:\/\/norai2006.es\/wp-content\/uploads\/2026\/03\/GERMANIA-33CL-768x1211.jpg 768w, https:\/\/norai2006.es\/wp-content\/uploads\/2026\/03\/GERMANIA-33CL-974x1536.jpg 974w, https:\/\/norai2006.es\/wp-content\/uploads\/2026\/03\/GERMANIA-33CL-1299x2048.jpg 1299w, https:\/\/norai2006.es\/wp-content\/uploads\/2026\/03\/GERMANIA-33CL-300x473.jpg 300w, https:\/\/norai2006.es\/wp-content\/uploads\/2026\/03\/GERMANIA-33CL-600x946.jpg 600w, https:\/\/norai2006.es\/wp-content\/uploads\/2026\/03\/GERMANIA-33CL-scaled.jpg 1624w\" sizes=\"(max-width: 650px) 100vw, 650px\" \/>\t\t\t\t\t\t\t\t\t\t\t\t\t\t\t<\/div>\n\t\t\t\t<div class=\"elementor-element elementor-element-8aa141c elementor-widget elementor-widget-text-editor\" data-id=\"8aa141c\" data-element_type=\"widget\" data-e-type=\"widget\" data-widget_type=\"text-editor.default\">\n\t\t\t\t\t\t\t\t\t<p>Germania 4,8\u00ba 33cl<\/p>\t\t\t\t\t\t\t\t<\/div>\n\t\t\t\t<\/div>\n\t\t\t\t\t<\/div>\n\t\t\t\t<\/div>\n\t\t<div class=\"elementor-element elementor-element-e4a08bb e-flex e-con-boxed e-con e-parent\" data-id=\"e4a08bb\" data-element_type=\"container\" data-e-type=\"container\">\n\t\t\t\t\t<div class=\"e-con-inner\">\n\t\t\t\t<div class=\"elementor-element elementor-element-54ea241 elementor-widget elementor-widget-spacer\" data-id=\"54ea241\" data-element_type=\"widget\" data-e-type=\"widget\" data-widget_type=\"spacer.default\">\n\t\t\t\t\t\t\t<div class=\"elementor-spacer\">\n\t\t\t<div class=\"elementor-spacer-inner\"><\/div>\n\t\t<\/div>\n\t\t\t\t\t\t<\/div>\n\t\t\t\t\t<\/div>\n\t\t\t\t<\/div>\n\t\t\t\t<\/div>\n\t\t","protected":false},"excerpt":{"rendered":"<p>La cerveza perfecta para cada ocasi\u00f3n Ofrecemos una cuidada selecci\u00f3n de cervezas que destacan por su sabor, frescura y excelente presentaci\u00f3n. Trabajamos con marcas reconocidas y productores comprometidos con altos est\u00e1ndares de elaboraci\u00f3n y conservaci\u00f3n, garantizando que cada producto mantenga sus propiedades y calidad original. Desde cervezas tradicionales hasta opciones especiales y premium, aseguramos un [&hellip;]<\/p>\n","protected":false},"author":1,"featured_media":0,"parent":0,"menu_order":0,"comment_status":"closed","ping_status":"closed","template":"elementor_header_footer","meta":{"footnotes":""},"class_list":["post-760","page","type-page","status-publish","hentry"],"blocksy_meta":[],"_links":{"self":[{"href":"https:\/\/norai2006.es\/index.php?rest_route=\/wp\/v2\/pages\/760","targetHints":{"allow":["GET"]}}],"collection":[{"href":"https:\/\/norai2006.es\/index.php?rest_route=\/wp\/v2\/pages"}],"about":[{"href":"https:\/\/norai2006.es\/index.php?rest_route=\/wp\/v2\/types\/page"}],"author":[{"embeddable":true,"href":"https:\/\/norai2006.es\/index.php?rest_route=\/wp\/v2\/users\/1"}],"replies":[{"embeddable":true,"href":"https:\/\/norai2006.es\/index.php?rest_route=%2Fwp%2Fv2%2Fcomments&post=760"}],"version-history":[{"count":86,"href":"https:\/\/norai2006.es\/index.php?rest_route=\/wp\/v2\/pages\/760\/revisions"}],"predecessor-version":[{"id":1535,"href":"https:\/\/norai2006.es\/index.php?rest_route=\/wp\/v2\/pages\/760\/revisions\/1535"}],"wp:attachment":[{"href":"https:\/\/norai2006.es\/index.php?rest_route=%2Fwp%2Fv2%2Fmedia&parent=760"}],"curies":[{"name":"wp","href":"https:\/\/api.w.org\/{rel}","templated":true}]}}